{"id":49,"date":"2022-09-12T10:06:25","date_gmt":"2022-09-12T10:06:25","guid":{"rendered":"https:\/\/shtheme.com\/demosd\/nils\/?page_id=49"},"modified":"2025-05-30T15:13:40","modified_gmt":"2025-05-30T08:13:40","slug":"about","status":"publish","type":"page","link":"https:\/\/leokdesign.com\/?page_id=49","title":{"rendered":"About"},"content":{"rendered":"\t\t<div data-elementor-type=\"wp-page\" data-elementor-id=\"49\" class=\"elementor elementor-49\">\n\t\t\t\t\t\t\t\t\t<section class=\"elementor-section elementor-top-section elementor-element elementor-element-77843df elementor-section-full_width elementor-section-height-default elementor-section-height-default\" data-id=\"77843df\" data-element_type=\"section\">\n\t\t\t\t\t\t<div class=\"elementor-container elementor-column-gap-no\">\n\t\t\t\t\t<div class=\"elementor-column elementor-col-100 elementor-top-column elementor-element elementor-element-d2a7cc3\" data-id=\"d2a7cc3\" data-element_type=\"column\">\n\t\t\t<div class=\"elementor-widget-wrap elementor-element-populated\">\n\t\t\t\t\t\t\t\t<div class=\"elementor-element elementor-element-29e5ecc elementor-align-left elementor-widget elementor-widget-bdevs-about2\" data-id=\"29e5ecc\" data-element_type=\"widget\" data-widget_type=\"bdevs-about2.default\">\n\t\t\t\t<div class=\"elementor-widget-container\">\n\t\t\t \r\n<section id=\"about\" class=\"section-padding\">\r\n    <div class=\"container\">\r\n        <div class=\"row\">\r\n            <div class=\"col-md-6\">\r\n                                <h6 class=\"wow\" data-splitting>About Me<\/h6>\r\n                                                <h1 class=\"wow\" data-splitting>UNIQUENESS STARTS HERE!<\/h1>\r\n                                                <p class=\"mt-45 wow fadeInUp\" data-wow-delay=\".3s\">V\u1edbi tinh th\u1ea7n t\u00e1o b\u1ea1o v\u00e0 tr\u00e1i tim \u0111\u1ea7y nhi\u1ec7t huy\u1ebft c\u1ee7a cung S\u01b0 T\u1eed, t\u00f4i \u0111\u1ebfn v\u1edbi thi\u1ebft k\u1ebf nh\u01b0 m\u1ed9t ph\u1ea7n c\u1ee7a cu\u1ed9c s\u1ed1ng \u2013 n\u01a1i c\u00e1i \u0111\u1eb9p, s\u1ef1 s\u00e1ng t\u1ea1o v\u00e0 c\u00e1 t\u00ednh giao thoa.\n<\/p>\r\n                                                <p class=\"wow fadeInUp\" data-wow-delay=\".6s\">T\u00f4i y\u00eau th\u00edch nh\u1eefng tr\u1ea3i nghi\u1ec7m m\u1edbi, nh\u01b0ng c\u0169ng t\u00ecm th\u1ea5y c\u1ea3m h\u1ee9ng trong nh\u1eefng \u0111i\u1ec1u gi\u1ea3n d\u1ecb nh\u01b0 m\u1ed9t t\u00e1ch c\u00e0 ph\u00ea th\u01a1m ngon.\nCh\u00ednh nh\u1eefng tr\u1ea3i nghi\u1ec7m \u1ea5y tr\u1edf th\u00e0nh ch\u1ea5t li\u1ec7u gi\u00fap t\u00f4i k\u1ec3 n\u00ean c\u00e2u chuy\u1ec7n th\u01b0\u01a1ng hi\u1ec7u m\u1ed9t c\u00e1ch ch\u00e2n th\u1eadt v\u00e0 \u0111\u1ed9c \u0111\u00e1o. T\u00f4i tin r\u1eb1ng thi\u1ebft k\u1ebf kh\u00f4ng ch\u1ec9 l\u00e0 h\u00ecnh \u1ea3nh b\u1eaft m\u1eaft, m\u00e0 l\u00e0 c\u00e1ch t\u1ea1o ra c\u1ea3m x\u00fac, truy\u1ec1n c\u1ea3m h\u1ee9ng v\u00e0 th\u1ec3 hi\u1ec7n b\u1ea3n s\u1eafc ri\u00eang.\n<\/p>\r\n                                            <\/div>\r\n            <div class=\"col-md-5 offset-md-1\">\r\n                <div class=\"reveal-effect\"> <img decoding=\"async\" src=\"https:\/\/leokdesign.com\/wp-content\/uploads\/2025\/05\/Pro5-Website.jpg\" class=\"img-fluid\" alt=\"\"> <\/div>\r\n            <\/div>\r\n        <\/div>\r\n    <\/div>\r\n<\/section>\r\n\t\t\t<\/div>\n\t\t\t\t<\/div>\n\t\t\t\t\t<\/div>\n\t\t<\/div>\n\t\t\t\t\t\t\t<\/div>\n\t\t<\/section>\n\t\t\t\t<section class=\"elementor-section elementor-top-section elementor-element elementor-element-236d25a elementor-section-full_width elementor-section-height-default elementor-section-height-default\" data-id=\"236d25a\" data-element_type=\"section\">\n\t\t\t\t\t\t<div class=\"elementor-container elementor-column-gap-no\">\n\t\t\t\t\t<div class=\"elementor-column elementor-col-100 elementor-top-column elementor-element elementor-element-bf868e3\" data-id=\"bf868e3\" data-element_type=\"column\">\n\t\t\t<div class=\"elementor-widget-wrap elementor-element-populated\">\n\t\t\t\t\t\t\t\t<div class=\"elementor-element elementor-element-8b62e69 elementor-align-left elementor-widget elementor-widget-bdevs-resume\" data-id=\"8b62e69\" data-element_type=\"widget\" data-widget_type=\"bdevs-resume.default\">\n\t\t\t\t<div class=\"elementor-widget-container\">\n\t\t\t \r\n<section id=\"resume\" class=\"resume section-padding\">\r\n    <div class=\"container\">\r\n        <div class=\"row mb-45\">\r\n            <div class=\"col-md-12\">\r\n                                <h6 class=\"wow\" data-splitting>Experience &amp; Education<\/h6>\r\n                                                <h1 class=\"wow\" data-splitting>My Resume<\/h1>\r\n                            <\/div>\r\n        <\/div>\r\n        <div class=\"row mt-45\">\r\n            <div class=\"col-md-5\">\r\n                <div class=\"o-hidden full-width\">\r\n                    <div class=\"profile mb-45\">\r\n                        <div class=\"block\">\r\n                        \t                            <h4>Experience<\/h4>\r\n                                                                                    <div class=\"item\">\r\n                                <h5>VTV - \u0110\u00e0i Truy\u1ec1n H\u00ecnh Vi\u1ec7t Nam<span>2014 - Nay<\/span><\/h5>\r\n                                <p>Chuy\u00ean vi\u00ean<\/p>\r\n                            <\/div>\r\n                                                        <div class=\"item\">\r\n                                <h5>HOME GARDEN LTD<span>2021 - Nay<\/span><\/h5>\r\n                                <p>\u0110\u1ed3ng s\u00e1ng l\u1eadp<\/p>\r\n                            <\/div>\r\n                                                        <div class=\"item\">\r\n                                <h5>Ch\u00fa b\u00e9 Smoothie<span>2023 - 2024<\/span><\/h5>\r\n                                <p>Ng\u01b0\u1eddi s\u00e1ng l\u1eadp<\/p>\r\n                            <\/div>\r\n                                                        <div class=\"item\">\r\n                                <h5>Cty C\u1ed5 ph\u1ea7n Ph\u00e1t tri\u1ec3n C\u00f4ng ngh\u1ec7 Eposi<span>2013-2014<\/span><\/h5>\r\n                                <p>Thi\u1ebft k\u1ebf<\/p>\r\n                            <\/div>\r\n                                                        <div class=\"item\">\r\n                                <h5>Cty C\u1ed5 ph\u1ea7n V\u1eadt Gi\u00e1 Vi\u1ec7t Nam<span>2012 - 2013<\/span><\/h5>\r\n                                <p>Thi\u1ebft k\u1ebf<\/p>\r\n                            <\/div>\r\n                                                        <div class=\"item\">\r\n                                <h5>Cty TNHH Nh\u00f3m Mua<span>2012<\/span><\/h5>\r\n                                <p>Bi\u00ean t\u1eadp \u1ea3nh\/ Thi\u1ebft k\u1ebf<\/p>\r\n                            <\/div>\r\n                                                    <\/div>\r\n                    <\/div>\r\n                <\/div>\r\n            <\/div>\r\n            <div class=\"col-md-5 offset-md-2\">\r\n                <div class=\"o-hidden full-width\">\r\n                    <div class=\"profile\">\r\n                        <div class=\"block\">\r\n                            <h4>Education<\/h4>\r\n                                                        <div class=\"item\">\r\n                                <h5>VNU - \u0110H Gi\u00e1o D\u1ee5c - \u0110H Qu\u1ed1c Gia H\u00e0 N\u1ed9i<span>2015 - 2017<\/span><\/h5>\r\n                                <p>Th\u1ea1c s\u1ef9<\/p>\r\n                            <\/div>\r\n                                                        <div class=\"item\">\r\n                                <h5> Arena Multimedia<span>2011 - 2013<\/span><\/h5>\r\n                                <p>DIM<\/p>\r\n                            <\/div>\r\n                                                        <div class=\"item\">\r\n                                <h5> NAEM - H\u1ecdc vi\u1ec7n Qu\u1ea3n l\u00fd Gi\u00e1o D\u1ee5c<span>2007 - 2011<\/span><\/h5>\r\n                                <p>C\u1eed nh\u00e2n<\/p>\r\n                            <\/div>\r\n                                                    <\/div>\r\n                    <\/div>\r\n                <\/div>\r\n            <\/div>\r\n        <\/div>\r\n    <\/div>\r\n<\/section>\r\n\t\t\t<\/div>\n\t\t\t\t<\/div>\n\t\t\t\t\t<\/div>\n\t\t<\/div>\n\t\t\t\t\t\t\t<\/div>\n\t\t<\/section>\n\t\t\t\t<section class=\"elementor-section elementor-top-section elementor-element elementor-element-45a149d elementor-section-full_width elementor-section-height-default elementor-section-height-default\" data-id=\"45a149d\" data-element_type=\"section\">\n\t\t\t\t\t\t<div class=\"elementor-container elementor-column-gap-no\">\n\t\t\t\t\t<div class=\"elementor-column elementor-col-100 elementor-top-column elementor-element elementor-element-0700f6b\" data-id=\"0700f6b\" data-element_type=\"column\">\n\t\t\t<div class=\"elementor-widget-wrap elementor-element-populated\">\n\t\t\t\t\t\t\t\t<div class=\"elementor-element elementor-element-5786d6e elementor-align-left elementor-widget elementor-widget-bdevs-about\" data-id=\"5786d6e\" data-element_type=\"widget\" data-widget_type=\"bdevs-about.default\">\n\t\t\t\t<div class=\"elementor-widget-container\">\n\t\t\t \n<section id=\"about\" class=\"section-padding\">\n    <div class=\"container\">\n        <div class=\"row mb-45\">\n            <div class=\"col-md-7\">\n                                <h6 class=\"wow\" data-splitting>Uniqueness starts here!<\/h6>\n                                                <h1 class=\"wow\" data-splitting>LeoK<\/h1>\n                            <\/div>\n        <\/div>\n        <div class=\"row\">\n            <div class=\"col-md-5\">\n            \t                <p class=\"wow fadeInUp\" data-wow-delay=\".2s\">LeoK cung c\u1ea5p c\u00e1c d\u1ecbch v\u1ee5 thi\u1ebft k\u1ebf \u0111a d\u1ea1ng v\u1edbi s\u1ef1 t\u1eadn t\u00e2m v\u00e0 s\u00e1ng t\u1ea1o. H\u1ed7 tr\u1ee3 x\u00e2y d\u1ef1ng th\u01b0\u01a1ng hi\u1ec7u t\u1eeb logo, b\u1ed9 nh\u1eadn di\u1ec7n, \u1ea5n ph\u1ea9m b\u00e1n h\u00e0ng \u0111\u1ebfn thi\u1ebft k\u1ebf bao b\u00ec, nh\u00e3n m\u00e1c v\u00e0 c\u00e1c s\u1ea3n ph\u1ea9m in \u1ea5n. B\u00ean c\u1ea1nh \u0111\u00f3, LeoK c\u00f3 kinh nghi\u1ec7m trong thi\u1ebft k\u1ebf website, \u1ee9ng d\u1ee5ng di \u0111\u1ed9ng, v\u00e0 c\u1ea3 \u1ee9ng d\u1ee5ng tr\u00ean Smart TV, v\u1edbi m\u1ed9t s\u1ed1 d\u1ef1 \u00e1n tr\u1ecdng \u0111i\u1ec3m nh\u01b0 VTVGo - N\u1ec1n t\u1ea3ng truy\u1ec1n h\u00ecnh s\u1ed1 Qu\u1ed1c gia.<\/p>\n                                                <p class=\"wow fadeInUp\" data-wow-delay=\".4s\">LeoK c\u0169ng thi\u1ebft k\u1ebf c\u00e1c s\u1ea3n ph\u1ea9m truy\u1ec1n th\u00f4ng s\u1ed1 nh\u01b0 poster, thumbnail, banner, cover cho m\u1ea1ng x\u00e3 h\u1ed9i, c\u00e1c present thuy\u1ebft tr\u00ecnh chuy\u00ean nghi\u1ec7p t\u1eebng \u0111\u01b0\u1ee3c s\u1eed d\u1ee5ng trong c\u00e1c h\u1ed9i th\u1ea3o l\u1edbn trong v\u00e0 ngo\u00e0i n\u01b0\u1edbc. Ngo\u00e0i ra, LeoK cung c\u1ea5p gi\u1ea3i ph\u00e1p thi\u1ebft k\u1ebf ph\u00f9 h\u1ee3p v\u00e0 hi\u1ec7u qu\u1ea3 cho c\u00e1c s\u1ef1 ki\u1ec7n, h\u1ed9i th\u1ea3o nh\u01b0 standee, backdrop, booth, pano, gi\u1ea5y m\u1eddi... theo t\u1eebng nhu c\u1ea7u c\u1ee5 th\u1ec3.<\/p>\n                                            <\/div>\n            <div class=\"col-md-6 offset-md-1 wow fadeInUp\" data-wow-delay=\".8s\">\n            \t\t        \t                <p class=\"bar-title\">VTV\/ VTV24\/ VTV Digital<span class=\"percent align-right\">T\u00f4i y\u00eau VTV<\/span><\/p>\n                <div class=\"bar\">\n                    <div class=\"bar-fill bar-fill-design start\"><\/div>\n                <\/div>\n            \t                \t        \t            \t<p class=\"bar-title\">HOME GARDEN<span class=\"percent align-right\">homegardenltd.com<\/span><\/p>\n                <div class=\"bar\">\n                    <div class=\"bar-fill bar-fill-branding start\"><\/div>\n                <\/div>\n            \t                \t        \t            \t<p class=\"bar-title\">Ch\u00fa b\u00e9 Smoothie<span class=\"percent align-right\">\"V\u1ecb ng\u1ecdt t\u1ef1 th\u00e2n\"<\/span><\/p>\n                <div class=\"bar\">\n                    <div class=\"bar-fill bar-fill-webdesign start\"><\/div>\n                <\/div>\n            \t                \t        \t            \t<p class=\"bar-title\">BLACKCARTRANSFERS <span class=\"percent align-right\">New Zealand<\/span><\/p>\n                <div class=\"bar\">\n                    <div class=\"bar-fill bar-fill-socialmedia start\"><\/div>\n                <\/div>\n            \t                \t        \t            \t<p class=\"bar-title\">TEMPUS\/ Axiom Company<span class=\"percent align-right\">Dallas, Texas, US<\/span><\/p>\n                <div class=\"bar\">\n                    <div class=\"bar-fill bar-fill-socialmedia start\"><\/div>\n                <\/div>\n            \t                \t        \t            \t<p class=\"bar-title\">TOPMODELS.IT<span class=\"percent align-right\">ITALIA BRAND<\/span><\/p>\n                <div class=\"bar\">\n                    <div class=\"bar-fill bar-fill-socialmedia start\"><\/div>\n                <\/div>\n            \t                \t        \t            \t<p class=\"bar-title\">I CAN GET YOU LEADS <span class=\"percent align-right\">Online Advertising Agency <\/span><\/p>\n                <div class=\"bar\">\n                    <div class=\"bar-fill bar-fill-socialmedia start\"><\/div>\n                <\/div>\n            \t                \t        \t            \t<p class=\"bar-title\">RxAesthetics<span class=\"percent align-right\">A Cosmetic Clinic In Canada<\/span><\/p>\n                <div class=\"bar\">\n                    <div class=\"bar-fill bar-fill-socialmedia start\"><\/div>\n                <\/div>\n            \t                            <\/div>\n        <\/div>\n    <\/div>\n<\/section>\n\t\t\t<\/div>\n\t\t\t\t<\/div>\n\t\t\t\t\t<\/div>\n\t\t<\/div>\n\t\t\t\t\t\t\t<\/div>\n\t\t<\/section>\n\t\t\t\t<section class=\"elementor-section elementor-top-section elementor-element elementor-element-37524a9 elementor-section-full_width elementor-section-height-default elementor-section-height-default\" data-id=\"37524a9\" data-element_type=\"section\">\n\t\t\t\t\t\t<div class=\"elementor-container elementor-column-gap-no\">\n\t\t\t\t\t<div class=\"elementor-column elementor-col-100 elementor-top-column elementor-element elementor-element-fce1370\" data-id=\"fce1370\" data-element_type=\"column\">\n\t\t\t<div class=\"elementor-widget-wrap elementor-element-populated\">\n\t\t\t\t\t\t\t\t<div class=\"elementor-element elementor-element-038e720 elementor-align-left elementor-widget elementor-widget-bdevs-testimonial\" data-id=\"038e720\" data-element_type=\"widget\" data-widget_type=\"bdevs-testimonial.default\">\n\t\t\t\t<div class=\"elementor-widget-container\">\n\t\t\t \r\n<section id=\"testimonials\" class=\"testimonials\">\r\n    <div class=\"background bg-img bg-fixed section-padding pb-0\" data-background=\"https:\/\/shtheme.com\/demosd\/nils\/wp-content\/uploads\/2022\/10\/banner-scaled.jpg\">\r\n        <div class=\"container\">\r\n            <div class=\"row\">\r\n                <!-- Work together -->\r\n                <div class=\"col-md-6 mb-30\">\r\n                \t                    <h4 class=\"wow\" data-splitting>Let's work together!<\/h4>\r\n                                                            <div class=\"btn-wrap mt-30 text-left wow fadeInUp\" data-wow-delay=\".6s\">\r\n                        <div class=\"btn-link\"> <a href=\"mailto:leokdesign.com@gmail.com\" class=\"white\">leokdesign.com@gmail.com<\/a> <span class=\"btn-block color3 animation-bounce\"><\/span> <\/div>\r\n                    <\/div>\r\n                                    <\/div>\r\n                <!-- Testiominals -->\r\n                <div class=\"col-md-5 offset-md-1\">\r\n                    <div class=\"testimonials-box\">\r\n                    \t                        <h5>What Are Clients Saying?<\/h5>\r\n                                                <div class=\"owl-carousel owl-theme\">\r\n                        \t                            <div class=\"item\">\r\n                            \t                                <p>That design looks awesome! I love it!! I am happy to give you 5 stars on all your work. At least you have a good sense of humor.<\/p> <span class=\"quote\"><img decoding=\"async\" src=\"https:\/\/shtheme.com\/demosd\/nils\/wp-content\/uploads\/2022\/10\/quot.png\" alt=\"\"><\/span>\r\n                                                                <div class=\"info\">\r\n                                    <div class=\"author-img\"> <img decoding=\"async\" src=\"https:\/\/shtheme.com\/demosd\/nils\/wp-content\/uploads\/2022\/10\/1-1.jpg\" alt=\"\"> <\/div>\r\n                                                                        <div class=\"cont\">\r\n                                        <h6>Roger Sprague<\/h6> <span>CEO at I can get you leads Agency<\/span>\r\n                                    <\/div>\r\n                                                                    <\/div>\r\n                            <\/div>\r\n                                                        <div class=\"item\">\r\n                            \t                                <p>You are amazing my friend and I'm so grateful to you. Thank you for the designs, I'm thrilled and very happy with them. Can't wait to print them. Please let's stay in contact, it's important to me as I have made a new friend who has helped me to lauch this new business in very best way by doing the designs. Many thanks.<\/p> <span class=\"quote\"><img decoding=\"async\" src=\"https:\/\/shtheme.com\/demosd\/nils\/wp-content\/uploads\/2022\/10\/quot.png\" alt=\"\"><\/span>\r\n                                                                <div class=\"info\">\r\n                                    <div class=\"author-img\"> <img decoding=\"async\" src=\"https:\/\/shtheme.com\/demosd\/nils\/wp-content\/uploads\/2022\/10\/2-1.jpg\" alt=\"\"> <\/div>\r\n                                                                        <div class=\"cont\">\r\n                                        <h6>John Darroll<\/h6> <span>Founder at BTI, LLC<\/span>\r\n                                    <\/div>\r\n                                                                    <\/div>\r\n                            <\/div>\r\n                                                        <div class=\"item\">\r\n                            \t                                <p> Thanks for your nice job, the logo is very good. I approved the payment. If you leave me your email I'll contact directly there.<\/p> <span class=\"quote\"><img decoding=\"async\" src=\"https:\/\/leokdesign.com\/wp-content\/uploads\/2022\/10\/quot-1.png\" alt=\"\"><\/span>\r\n                                                                <div class=\"info\">\r\n                                    <div class=\"author-img\"> <img decoding=\"async\" src=\"https:\/\/leokdesign.com\/wp-content\/uploads\/2022\/10\/slider-1.jpg\" alt=\"\"> <\/div>\r\n                                                                        <div class=\"cont\">\r\n                                        <h6>Fabrizio Parodi<\/h6> <span>CEO at TopModel.it brand<\/span>\r\n                                    <\/div>\r\n                                                                    <\/div>\r\n                            <\/div>\r\n                                                    <\/div>\r\n                    <\/div>\r\n                <\/div>\r\n            <\/div>\r\n        <\/div>\r\n    <\/div>\r\n<\/section>\r\n\t\t\t<\/div>\n\t\t\t\t<\/div>\n\t\t\t\t\t<\/div>\n\t\t<\/div>\n\t\t\t\t\t\t\t<\/div>\n\t\t<\/section>\n\t\t\t\t<section class=\"elementor-section elementor-top-section elementor-element elementor-element-09d2e9d elementor-section-full_width elementor-section-height-default elementor-section-height-default\" data-id=\"09d2e9d\" data-element_type=\"section\">\n\t\t\t\t\t\t<div class=\"elementor-container elementor-column-gap-no\">\n\t\t\t\t\t<div class=\"elementor-column elementor-col-100 elementor-top-column elementor-element elementor-element-273cf05\" data-id=\"273cf05\" data-element_type=\"column\">\n\t\t\t<div class=\"elementor-widget-wrap elementor-element-populated\">\n\t\t\t\t\t\t\t\t<div class=\"elementor-element elementor-element-3eae197 elementor-align-left elementor-widget elementor-widget-bdevs-clients\" data-id=\"3eae197\" data-element_type=\"widget\" data-widget_type=\"bdevs-clients.default\">\n\t\t\t\t<div class=\"elementor-widget-container\">\n\t\t\t \r\n\t<section id=\"clients\" class=\"clients\">\r\n        <div class=\"container\">\r\n            <div class=\"row\">\r\n                <div class=\"col-md-7\">\r\n                    <div class=\"owl-carousel owl-theme\">\r\n                    \t                        <div class=\"clients-logo\">\r\n                            <a href=\"#0\"><img decoding=\"async\" src=\"https:\/\/leokdesign.com\/wp-content\/uploads\/2024\/12\/VTV.png\" alt=\"\"><\/a>\r\n                        <\/div>\r\n                                                <div class=\"clients-logo\">\r\n                            <a href=\"#0\"><img decoding=\"async\" src=\"https:\/\/leokdesign.com\/wp-content\/uploads\/2024\/12\/HomeGarden.png\" alt=\"\"><\/a>\r\n                        <\/div>\r\n                                                <div class=\"clients-logo\">\r\n                            <a href=\"#0\"><img decoding=\"async\" src=\"https:\/\/leokdesign.com\/wp-content\/uploads\/2024\/12\/oRabbit.png\" alt=\"\"><\/a>\r\n                        <\/div>\r\n                                                <div class=\"clients-logo\">\r\n                            <a href=\"#0\"><img decoding=\"async\" src=\"https:\/\/leokdesign.com\/wp-content\/uploads\/2024\/12\/FIKA-1.png\" alt=\"\"><\/a>\r\n                        <\/div>\r\n                                                <div class=\"clients-logo\">\r\n                            <a href=\"#0\"><img decoding=\"async\" src=\"https:\/\/leokdesign.com\/wp-content\/uploads\/2024\/12\/GinsengTHH.png\" alt=\"\"><\/a>\r\n                        <\/div>\r\n                                                <div class=\"clients-logo\">\r\n                            <a href=\"#0\"><img decoding=\"async\" src=\"https:\/\/leokdesign.com\/wp-content\/uploads\/2024\/12\/TopModelIT.png\" alt=\"\"><\/a>\r\n                        <\/div>\r\n                                                <div class=\"clients-logo\">\r\n                            <a href=\"#0\"><img decoding=\"async\" src=\"https:\/\/leokdesign.com\/wp-content\/uploads\/2024\/12\/Domifa-1.png\" alt=\"\"><\/a>\r\n                        <\/div>\r\n                                                <div class=\"clients-logo\">\r\n                            <a href=\"#0\"><img decoding=\"async\" src=\"https:\/\/leokdesign.com\/wp-content\/uploads\/2024\/12\/FIKA-1.png\" alt=\"\"><\/a>\r\n                        <\/div>\r\n                                                <div class=\"clients-logo\">\r\n                            <a href=\"#0\"><img decoding=\"async\" src=\"https:\/\/leokdesign.com\/wp-content\/uploads\/2024\/12\/Craft-Kid-1.png\" alt=\"\"><\/a>\r\n                        <\/div>\r\n                                            <\/div>\r\n                <\/div>\r\n            <\/div>\r\n        <\/div>\r\n    <\/section>\r\n\t\t\t<\/div>\n\t\t\t\t<\/div>\n\t\t\t\t\t<\/div>\n\t\t<\/div>\n\t\t\t\t\t\t\t<\/div>\n\t\t<\/section>\n\t\t\t\t\t\t\t<\/div>\n\t\t","protected":false},"excerpt":{"rendered":"<p>About Me UNIQUENESS STARTS HERE! V\u1edbi tinh th\u1ea7n t\u00e1o b\u1ea1o v\u00e0 tr\u00e1i tim \u0111\u1ea7y nhi\u1ec7t huy\u1ebft c\u1ee7a cung S\u01b0 T\u1eed, t\u00f4i \u0111\u1ebfn v\u1edbi thi\u1ebft k\u1ebf nh\u01b0 m\u1ed9t ph\u1ea7n c\u1ee7a cu\u1ed9c s\u1ed1ng \u2013 n\u01a1i c\u00e1i \u0111\u1eb9p, s\u1ef1 s\u00e1ng t\u1ea1o v\u00e0 c\u00e1 t\u00ednh giao thoa. T\u00f4i y\u00eau th\u00edch nh\u1eefng tr\u1ea3i nghi\u1ec7m m\u1edbi, nh\u01b0ng c\u0169ng t\u00ecm th\u1ea5y c\u1ea3m [&hellip;]<\/p>\n","protected":false},"author":1,"featured_media":0,"parent":0,"menu_order":0,"comment_status":"closed","ping_status":"closed","template":"page-templates\/home.php","meta":{"footnotes":""},"class_list":["post-49","page","type-page","status-publish","hentry"],"_links":{"self":[{"href":"https:\/\/leokdesign.com\/index.php?rest_route=\/wp\/v2\/pages\/49","targetHints":{"allow":["GET"]}}],"collection":[{"href":"https:\/\/leokdesign.com\/index.php?rest_route=\/wp\/v2\/pages"}],"about":[{"href":"https:\/\/leokdesign.com\/index.php?rest_route=\/wp\/v2\/types\/page"}],"author":[{"embeddable":true,"href":"https:\/\/leokdesign.com\/index.php?rest_route=\/wp\/v2\/users\/1"}],"replies":[{"embeddable":true,"href":"https:\/\/leokdesign.com\/index.php?rest_route=%2Fwp%2Fv2%2Fcomments&post=49"}],"version-history":[{"count":22,"href":"https:\/\/leokdesign.com\/index.php?rest_route=\/wp\/v2\/pages\/49\/revisions"}],"predecessor-version":[{"id":1480,"href":"https:\/\/leokdesign.com\/index.php?rest_route=\/wp\/v2\/pages\/49\/revisions\/1480"}],"wp:attachment":[{"href":"https:\/\/leokdesign.com\/index.php?rest_route=%2Fwp%2Fv2%2Fmedia&parent=49"}],"curies":[{"name":"wp","href":"https:\/\/api.w.org\/{rel}","templated":true}]}}