{"id":51,"date":"2022-09-12T10:10:46","date_gmt":"2022-09-12T10:10:46","guid":{"rendered":"https:\/\/shtheme.com\/demosd\/nils\/?page_id=51"},"modified":"2025-03-07T17:40:23","modified_gmt":"2025-03-07T10:40:23","slug":"services","status":"publish","type":"page","link":"https:\/\/leokdesign.com\/?page_id=51","title":{"rendered":"Services"},"content":{"rendered":"\t\t<div data-elementor-type=\"wp-page\" data-elementor-id=\"51\" class=\"elementor elementor-51\">\n\t\t\t\t\t\t\t\t\t<section class=\"elementor-section elementor-top-section elementor-element elementor-element-28b135f elementor-section-full_width elementor-section-height-default elementor-section-height-default\" data-id=\"28b135f\" data-element_type=\"section\">\n\t\t\t\t\t\t<div class=\"elementor-container elementor-column-gap-no\">\n\t\t\t\t\t<div class=\"elementor-column elementor-col-100 elementor-top-column elementor-element elementor-element-a5562e1\" data-id=\"a5562e1\" data-element_type=\"column\">\n\t\t\t<div class=\"elementor-widget-wrap elementor-element-populated\">\n\t\t\t\t\t\t\t\t<div class=\"elementor-element elementor-element-ade5dfd elementor-align-left elementor-widget elementor-widget-bdevs-services2\" data-id=\"ade5dfd\" data-element_type=\"widget\" data-widget_type=\"bdevs-services2.default\">\n\t\t\t\t<div class=\"elementor-widget-container\">\n\t\t\t \r\n<section class=\"services section-padding\">\r\n    <div class=\"container\">\r\n        <div class=\"row mb-45\">\r\n            <div class=\"col-md-4\">\r\n                                <h6 class=\"wow\" data-splitting>CREATE SOMETHING NEW!<\/h6>\r\n                                                <h1 class=\"wow\" data-splitting>Services<\/h1>\r\n                            <\/div>\r\n            <div class=\"col-md-7 offset-md-1 mt-45\">\r\n               \t                <p class=\"wow fadeInUp\" data-wow-delay=\".6s\">T\u1eeb t\u01b0 v\u1ea5n, x\u00e2y d\u1ef1ng th\u01b0\u01a1ng hi\u1ec7u \u0111\u1ebfn thi\u1ebft k\u1ebf website\/\u1ee9ng d\u1ee5ng v\u00e0 s\u00e1ng t\u1ea1o n\u1ed9i dung. C\u00f4ng vi\u1ec7c c\u1ee7a LeoK \u0111\u01b0\u1ee3c t\u1ea1o n\u00ean t\u1eeb \u0111am m\u00ea, s\u00e1ng t\u1ea1o v\u00e0 d\u1ea5u \u1ea5n c\u00e1 nh\u00e2n. H\u00e3y c\u00f9ng nhau t\u1ea1o n\u00ean nh\u1eefng \u0111i\u1ec1u th\u00fa v\u1ecb.<\/p>\r\n                            <\/div>\r\n        <\/div>\r\n        <div class=\"row\">\r\n        \t            <div class=\"col-md-4\">\r\n                <a href=\"https:\/\/leokdesign.com\/?services=brand-stratery-design\">\r\n                    <div class=\"item mb-30\"> \r\n                    \t                    \t<span class=\"icon et-bargraph\"><\/span>\r\n                    \t                    \t                        <h5>Brand Strategy &amp; Design<\/h5>\r\n                                                \t                    <p>T\u1eeb chi\u1ebfn l\u01b0\u1ee3c \u0111\u1ebfn nh\u1eadn di\u1ec7n th\u01b0\u01a1ng hi\u1ec7u, t\u00f4i gi\u00fap x\u00e2y d\u1ef1ng nh\u1eefng th\u01b0\u01a1ng hi\u1ec7u t\u1ea1o s\u1ef1 k\u1ebft n\u1ed1i, c\u1ea3m x\u00fac v\u00e0 \u0111\u1ec3 l\u1ea1i thi\u1ec7n c\u1ea3m v\u1edbi ng\u01b0\u1eddi d\u00f9ng.<\/p>\r\n\t                    \t                                            <div class=\"numb\">01<\/div>\r\n                                            <\/div>\r\n                <\/a>\r\n            <\/div>\r\n                        <div class=\"col-md-4\">\r\n                <a href=\"https:\/\/leokdesign.com\/?services=ui-ux-design\">\r\n                    <div class=\"item mb-30\"> \r\n                    \t                    \t<span class=\"icon et-laptop\"><\/span>\r\n                    \t                    \t                        <h5>UI\/ UX Design<\/h5>\r\n                                                \t                    <p>Thi\u1ebft k\u1ebf tr\u1ea3i nghi\u1ec7m ng\u01b0\u1eddi d\u00f9ng li\u1ec1n m\u1ea1ch c\u00f9ng thi\u1ebft k\u1ebf giao di\u1ec7n t\u1ed1i gi\u1ea3n, thu h\u00fat cho c\u00e1c trang web v\u00e0 \u1ee9ng d\u1ee5ng di \u0111\u1ed9ng gi\u00fap k\u1ebft n\u1ed1i th\u01b0\u01a1ng hi\u1ec7u c\u1ee7a b\u1ea1n v\u1edbi ng\u01b0\u1eddi d\u00f9ng.<\/p>\r\n\t                    \t                                            <div class=\"numb\">02<\/div>\r\n                                            <\/div>\r\n                <\/a>\r\n            <\/div>\r\n                        <div class=\"col-md-4\">\r\n                <a href=\"https:\/\/leokdesign.com\/?services=product-design\">\r\n                    <div class=\"item mb-30\"> \r\n                    \t                    \t<span class=\"icon et-basket\"><\/span>\r\n                    \t                    \t                        <h5>Product Design<\/h5>\r\n                                                \t                    <p>Thi\u1ebft k\u1ebf s\u1ea3n ph\u1ea9m bao b\u00ec, nh\u00e3n m\u00e1c n\u1ed5i b\u1eadt v\u00e0 s\u1ea3n ph\u1ea9m truy\u1ec1n th\u00f4ng n\u1ed9i dung s\u1ed1 s\u00e1ng t\u1ea1o \u0111\u1ec3 n\u00e2ng t\u1ea7m s\u1ea3n ph\u1ea9m c\u1ee7a b\u1ea1n v\u00e0 t\u1ea1o d\u1ea5u \u1ea5n b\u1ec1n v\u1eefng.<\/p>\r\n\t                    \t                                            <div class=\"numb\">03<\/div>\r\n                                            <\/div>\r\n                <\/a>\r\n            <\/div>\r\n                        <div class=\"col-md-4\">\r\n                <a href=\"https:\/\/leokdesign.com\/?services=graphic-design\">\r\n                    <div class=\"item mb-30\"> \r\n                    \t                    \t<span class=\"icon et-browser\"><\/span>\r\n                    \t                    \t                        <h5>Graphic Design<\/h5>\r\n                                                \t                    <p>S\u00e1ng t\u1ea1o thi\u1ebft k\u1ebf \u0111\u1ed3 h\u1ecda \u1ea5n t\u01b0\u1ee3ng, mang \u0111\u1ebfn s\u1ef1 chuy\u00ean nghi\u1ec7p v\u00e0 n\u1ed5i b\u1eadt cho th\u01b0\u01a1ng hi\u1ec7u c\u1ee7a b\u1ea1n.<\/p>\r\n\t                    \t                                            <div class=\"numb\">04<\/div>\r\n                                            <\/div>\r\n                <\/a>\r\n            <\/div>\r\n                        <div class=\"col-md-4\">\r\n                <a href=\"https:\/\/leokdesign.com\/?services=digital-marketing-design\">\r\n                    <div class=\"item mb-30\"> \r\n                    \t                    \t<span class=\"icon et-target\"><\/span>\r\n                    \t                    \t                        <h5>Digital Marketing Design<\/h5>\r\n                                                \t                    <p>Thi\u1ebft k\u1ebf h\u00ecnh \u1ea3nh ph\u1ee5c v\u1ee5 digital marketing gi\u00fap th\u01b0\u01a1ng hi\u1ec7u c\u1ee7a b\u1ea1n ti\u1ebfp c\u1eadn kh\u00e1ch h\u00e0ng m\u1ed9t c\u00e1ch hi\u1ec7u qu\u1ea3 v\u00e0 s\u00e1ng t\u1ea1o<\/p>\r\n\t                    \t                                            <div class=\"numb\">05<\/div>\r\n                                            <\/div>\r\n                <\/a>\r\n            <\/div>\r\n                        <div class=\"col-md-4\">\r\n                <a href=\"https:\/\/leokdesign.com\/?services=social-media\">\r\n                    <div class=\"item mb-30\"> \r\n                    \t                    \t<span class=\"icon et-chat\"><\/span>\r\n                    \t                    \t                        <h5>Social Media<\/h5>\r\n                                                \t                    <p>Thi\u1ebft k\u1ebf h\u00ecnh \u1ea3nh th\u01b0\u01a1ng hi\u1ec7u tr\u00ean c\u00e1c n\u1ec1n t\u1ea3ng m\u1ea1ng x\u00e3 h\u1ed9i, gi\u00fap th\u01b0\u01a1ng hi\u1ec7u c\u1ee7a b\u1ea1n gia t\u0103ng k\u1ebft n\u1ed1i v\u00e0 t\u1ea1o d\u1ea5u \u1ea5n v\u1edbi c\u1ed9ng \u0111\u1ed3ng<\/p>\r\n\t                    \t                                            <div class=\"numb\">06<\/div>\r\n                                            <\/div>\r\n                <\/a>\r\n            <\/div>\r\n                    <\/div>\r\n    <\/div>\r\n<\/section>\r\n\t\t\t<\/div>\n\t\t\t\t<\/div>\n\t\t\t\t\t<\/div>\n\t\t<\/div>\n\t\t\t\t\t\t\t<\/div>\n\t\t<\/section>\n\t\t\t\t<section class=\"elementor-section elementor-top-section elementor-element elementor-element-77bdf25 elementor-section-full_width elementor-section-height-default elementor-section-height-default\" data-id=\"77bdf25\" data-element_type=\"section\">\n\t\t\t\t\t\t<div class=\"elementor-container elementor-column-gap-no\">\n\t\t\t\t\t<div class=\"elementor-column elementor-col-100 elementor-top-column elementor-element elementor-element-715e3a9\" data-id=\"715e3a9\" data-element_type=\"column\">\n\t\t\t<div class=\"elementor-widget-wrap elementor-element-populated\">\n\t\t\t\t\t\t\t\t<div class=\"elementor-element elementor-element-0154702 elementor-align-left elementor-widget elementor-widget-bdevs-testimonial\" data-id=\"0154702\" data-element_type=\"widget\" data-widget_type=\"bdevs-testimonial.default\">\n\t\t\t\t<div class=\"elementor-widget-container\">\n\t\t\t \r\n<section id=\"testimonials\" class=\"testimonials\">\r\n    <div class=\"background bg-img bg-fixed section-padding pb-0\" data-background=\"https:\/\/shtheme.com\/demosd\/nils\/wp-content\/uploads\/2022\/10\/banner-scaled.jpg\">\r\n        <div class=\"container\">\r\n            <div class=\"row\">\r\n                <!-- Work together -->\r\n                <div class=\"col-md-6 mb-30\">\r\n                \t                    <h4 class=\"wow\" data-splitting>Let's work together!<\/h4>\r\n                                                            <div class=\"btn-wrap mt-30 text-left wow fadeInUp\" data-wow-delay=\".6s\">\r\n                        <div class=\"btn-link\"> <a href=\"mailto:leokdesign.com@gmail.com\" class=\"white\">leokdesign.com@gmail.com<\/a> <span class=\"btn-block color3 animation-bounce\"><\/span> <\/div>\r\n                    <\/div>\r\n                                    <\/div>\r\n                <!-- Testiominals -->\r\n                <div class=\"col-md-5 offset-md-1\">\r\n                    <div class=\"testimonials-box\">\r\n                    \t                        <h5>What Are Clients Saying?<\/h5>\r\n                                                <div class=\"owl-carousel owl-theme\">\r\n                        \t                            <div class=\"item\">\r\n                            \t                                <p>You are amazing my friend and I'm so grateful to you. Thank you for the designs, I'm thrilled and very happy with them. Can't wait to print them. Please let's stay in contact, it's important to me as I have made a new friend who has helped me to lauch this new business in very best way by doing the designs. Many thanks.<\/p> <span class=\"quote\"><img decoding=\"async\" src=\"https:\/\/shtheme.com\/demosd\/nils\/wp-content\/uploads\/2022\/10\/quot.png\" alt=\"\"><\/span>\r\n                                                                <div class=\"info\">\r\n                                    <div class=\"author-img\"> <img decoding=\"async\" src=\"https:\/\/shtheme.com\/demosd\/nils\/wp-content\/uploads\/2022\/10\/1-1.jpg\" alt=\"\"> <\/div>\r\n                                                                        <div class=\"cont\">\r\n                                        <h6>John Darroll<\/h6> <span>Founder at BTI, LLC<\/span>\r\n                                    <\/div>\r\n                                                                    <\/div>\r\n                            <\/div>\r\n                                                        <div class=\"item\">\r\n                            \t                                <p>Thanks for your nice job, the logo is very good. I approved the payment. If you leave me your email I'll contact directly there.<\/p> <span class=\"quote\"><img decoding=\"async\" src=\"https:\/\/shtheme.com\/demosd\/nils\/wp-content\/uploads\/2022\/10\/quot.png\" alt=\"\"><\/span>\r\n                                                                <div class=\"info\">\r\n                                    <div class=\"author-img\"> <img decoding=\"async\" src=\"https:\/\/shtheme.com\/demosd\/nils\/wp-content\/uploads\/2022\/10\/2-1.jpg\" alt=\"\"> <\/div>\r\n                                                                        <div class=\"cont\">\r\n                                        <h6>Fabrizio Parodi<\/h6> <span>CEO at TopModel.it brand<\/span>\r\n                                    <\/div>\r\n                                                                    <\/div>\r\n                            <\/div>\r\n                                                        <div class=\"item\">\r\n                            \t                                <p>That design looks awesome! I love it!! I am happy to give you 5 stars on all your work. At least you have a good sense of humor.<\/p> <span class=\"quote\"><img decoding=\"async\" src=\"https:\/\/leokdesign.com\/wp-content\/uploads\/2022\/10\/quot-1.png\" alt=\"\"><\/span>\r\n                                                                <div class=\"info\">\r\n                                    <div class=\"author-img\"> <img decoding=\"async\" src=\"https:\/\/leokdesign.com\/wp-content\/uploads\/2022\/10\/about-1.jpg\" alt=\"\"> <\/div>\r\n                                                                        <div class=\"cont\">\r\n                                        <h6>Roger Sprague<\/h6> <span>CEO at I can get you leads Agency<\/span>\r\n                                    <\/div>\r\n                                                                    <\/div>\r\n                            <\/div>\r\n                                                    <\/div>\r\n                    <\/div>\r\n                <\/div>\r\n            <\/div>\r\n        <\/div>\r\n    <\/div>\r\n<\/section>\r\n\t\t\t<\/div>\n\t\t\t\t<\/div>\n\t\t\t\t\t<\/div>\n\t\t<\/div>\n\t\t\t\t\t\t\t<\/div>\n\t\t<\/section>\n\t\t\t\t<section class=\"elementor-section elementor-top-section elementor-element elementor-element-2000423 elementor-section-full_width elementor-section-height-default elementor-section-height-default\" data-id=\"2000423\" data-element_type=\"section\">\n\t\t\t\t\t\t<div class=\"elementor-container elementor-column-gap-no\">\n\t\t\t\t\t<div class=\"elementor-column elementor-col-100 elementor-top-column elementor-element elementor-element-7e8996b\" data-id=\"7e8996b\" data-element_type=\"column\">\n\t\t\t<div class=\"elementor-widget-wrap elementor-element-populated\">\n\t\t\t\t\t\t\t\t<div class=\"elementor-element elementor-element-1b25cb4 elementor-align-left elementor-widget elementor-widget-bdevs-clients\" data-id=\"1b25cb4\" data-element_type=\"widget\" data-widget_type=\"bdevs-clients.default\">\n\t\t\t\t<div class=\"elementor-widget-container\">\n\t\t\t \r\n\t<section id=\"clients\" class=\"clients\">\r\n        <div class=\"container\">\r\n            <div class=\"row\">\r\n                <div class=\"col-md-7\">\r\n                    <div class=\"owl-carousel owl-theme\">\r\n                    \t                        <div class=\"clients-logo\">\r\n                            <a href=\"#0\"><img decoding=\"async\" src=\"https:\/\/leokdesign.com\/wp-content\/uploads\/2024\/12\/Domifa-1.png\" alt=\"\"><\/a>\r\n                        <\/div>\r\n                                                <div class=\"clients-logo\">\r\n                            <a href=\"#0\"><img decoding=\"async\" src=\"https:\/\/leokdesign.com\/wp-content\/uploads\/2024\/12\/VTV.png\" alt=\"\"><\/a>\r\n                        <\/div>\r\n                                                <div class=\"clients-logo\">\r\n                            <a href=\"#0\"><img decoding=\"async\" src=\"https:\/\/leokdesign.com\/wp-content\/uploads\/2024\/12\/HomeGarden.png\" alt=\"\"><\/a>\r\n                        <\/div>\r\n                                                <div class=\"clients-logo\">\r\n                            <a href=\"#0\"><img decoding=\"async\" src=\"https:\/\/leokdesign.com\/wp-content\/uploads\/2024\/12\/TopModelIT.png\" alt=\"\"><\/a>\r\n                        <\/div>\r\n                                                <div class=\"clients-logo\">\r\n                            <a href=\"#0\"><img decoding=\"async\" src=\"https:\/\/leokdesign.com\/wp-content\/uploads\/2024\/12\/GinsengTHH.png\" alt=\"\"><\/a>\r\n                        <\/div>\r\n                                                <div class=\"clients-logo\">\r\n                            <a href=\"#0\"><img decoding=\"async\" src=\"https:\/\/leokdesign.com\/wp-content\/uploads\/2024\/12\/oRabbit.png\" alt=\"\"><\/a>\r\n                        <\/div>\r\n                                                <div class=\"clients-logo\">\r\n                            <a href=\"#0\"><img decoding=\"async\" src=\"https:\/\/leokdesign.com\/wp-content\/uploads\/2024\/12\/Chubesmoothie-2.png\" alt=\"\"><\/a>\r\n                        <\/div>\r\n                                                <div class=\"clients-logo\">\r\n                            <a href=\"#0\"><img decoding=\"async\" src=\"https:\/\/leokdesign.com\/wp-content\/uploads\/2024\/12\/FIKA-1.png\" alt=\"\"><\/a>\r\n                        <\/div>\r\n                                                <div class=\"clients-logo\">\r\n                            <a href=\"#0\"><img decoding=\"async\" src=\"https:\/\/leokdesign.com\/wp-content\/uploads\/2024\/12\/Craft-Kid-1.png\" alt=\"\"><\/a>\r\n                        <\/div>\r\n                                            <\/div>\r\n                <\/div>\r\n            <\/div>\r\n        <\/div>\r\n    <\/section>\r\n\t\t\t<\/div>\n\t\t\t\t<\/div>\n\t\t\t\t\t<\/div>\n\t\t<\/div>\n\t\t\t\t\t\t\t<\/div>\n\t\t<\/section>\n\t\t\t\t\t\t\t<\/div>\n\t\t","protected":false},"excerpt":{"rendered":"<p>CREATE SOMETHING NEW! Services T\u1eeb t\u01b0 v\u1ea5n, x\u00e2y d\u1ef1ng th\u01b0\u01a1ng hi\u1ec7u \u0111\u1ebfn thi\u1ebft k\u1ebf website\/\u1ee9ng d\u1ee5ng v\u00e0 s\u00e1ng t\u1ea1o n\u1ed9i dung. C\u00f4ng vi\u1ec7c c\u1ee7a LeoK \u0111\u01b0\u1ee3c t\u1ea1o n\u00ean t\u1eeb \u0111am m\u00ea, s\u00e1ng t\u1ea1o v\u00e0 d\u1ea5u \u1ea5n c\u00e1 nh\u00e2n. H\u00e3y c\u00f9ng nhau t\u1ea1o n\u00ean nh\u1eefng \u0111i\u1ec1u th\u00fa v\u1ecb. Brand Strategy &amp; Design T\u1eeb chi\u1ebfn l\u01b0\u1ee3c \u0111\u1ebfn [&hellip;]<\/p>\n","protected":false},"author":1,"featured_media":0,"parent":0,"menu_order":0,"comment_status":"closed","ping_status":"closed","template":"page-templates\/home.php","meta":{"footnotes":""},"class_list":["post-51","page","type-page","status-publish","hentry"],"_links":{"self":[{"href":"https:\/\/leokdesign.com\/index.php?rest_route=\/wp\/v2\/pages\/51","targetHints":{"allow":["GET"]}}],"collection":[{"href":"https:\/\/leokdesign.com\/index.php?rest_route=\/wp\/v2\/pages"}],"about":[{"href":"https:\/\/leokdesign.com\/index.php?rest_route=\/wp\/v2\/types\/page"}],"author":[{"embeddable":true,"href":"https:\/\/leokdesign.com\/index.php?rest_route=\/wp\/v2\/users\/1"}],"replies":[{"embeddable":true,"href":"https:\/\/leokdesign.com\/index.php?rest_route=%2Fwp%2Fv2%2Fcomments&post=51"}],"version-history":[{"count":13,"href":"https:\/\/leokdesign.com\/index.php?rest_route=\/wp\/v2\/pages\/51\/revisions"}],"predecessor-version":[{"id":956,"href":"https:\/\/leokdesign.com\/index.php?rest_route=\/wp\/v2\/pages\/51\/revisions\/956"}],"wp:attachment":[{"href":"https:\/\/leokdesign.com\/index.php?rest_route=%2Fwp%2Fv2%2Fmedia&parent=51"}],"curies":[{"name":"wp","href":"https:\/\/api.w.org\/{rel}","templated":true}]}}