{"id":53,"date":"2022-09-12T10:12:43","date_gmt":"2022-09-12T10:12:43","guid":{"rendered":"https:\/\/shtheme.com\/demosd\/nils\/?page_id=53"},"modified":"2025-05-08T00:30:34","modified_gmt":"2025-05-07T17:30:34","slug":"portfolio","status":"publish","type":"page","link":"https:\/\/leokdesign.com\/?page_id=53","title":{"rendered":"Portfolio"},"content":{"rendered":"\t\t<div data-elementor-type=\"wp-page\" data-elementor-id=\"53\" class=\"elementor elementor-53\">\n\t\t\t\t\t\t\t\t\t<section class=\"elementor-section elementor-top-section elementor-element elementor-element-4c463cb elementor-section-full_width elementor-section-height-default elementor-section-height-default\" data-id=\"4c463cb\" data-element_type=\"section\">\n\t\t\t\t\t\t<div class=\"elementor-container elementor-column-gap-no\">\n\t\t\t\t\t<div class=\"elementor-column elementor-col-100 elementor-top-column elementor-element elementor-element-052b3cf\" data-id=\"052b3cf\" data-element_type=\"column\">\n\t\t\t<div class=\"elementor-widget-wrap elementor-element-populated\">\n\t\t\t\t\t\t\t\t<div class=\"elementor-element elementor-element-6b0c585 elementor-align-left elementor-widget elementor-widget-bdevs-portfolio2\" data-id=\"6b0c585\" data-element_type=\"widget\" data-widget_type=\"bdevs-portfolio2.default\">\n\t\t\t\t<div class=\"elementor-widget-container\">\n\t\t\t<section class=\"portfolio section-padding\">\r\n    <div class=\"container\">\r\n        <div class=\"row mb-45\">\r\n            <div class=\"col-md-4\">\r\n                                <h6 class=\"wow\" data-splitting>TAKE A LOOK AT MY<\/h6>\r\n                                                <h1 class=\"wow\" data-splitting>Portfolio<\/h1>\r\n                            <\/div>\r\n            <div class=\"col-md-7 offset-md-1 mt-45\">\r\n                                <p class=\"wow fadeInUp\" data-wow-delay=\".6s\">M\u1ed7i s\u1ea3n ph\u1ea9m \u0111\u1ec1u th\u1ec3 hi\u1ec7n ni\u1ec1m \u0111am m\u00ea c\u1ee7a t\u00f4i trong vi\u1ec7c gi\u1ea3i quy\u1ebft v\u1ea5n \u0111\u1ec1 th\u00f4ng qua thi\u1ebft k\u1ebf. \u0110\u00e2y kh\u00f4ng ch\u1ec9 l\u00e0 nh\u1eefng thi\u1ebft k\u1ebf, m\u00e0 c\u00f2n l\u00e0 s\u1ef1 th\u1ec3 hi\u1ec7n ch\u00e2n th\u1eadt l\u00f2ng y\u00eau ngh\u1ec1 v\u00e0 n\u1ed7 l\u1ef1c c\u1ee7a t\u00f4i \u0111\u1ec3 t\u1ea1o ra nh\u1eefng gi\u1ea3i ph\u00e1p c\u00f3 \u00fd ngh\u0129a.<\/p>\r\n                            <\/div>\r\n        <\/div>\r\n        <div class=\"row\">\r\n        \t            <div class=\"col-md-4\">\r\n                <div class=\"item mb-30\">\r\n                    <a href=\"https:\/\/leokdesign.com\/?portfolio=du-an-thiet-ke-thuong-hieu-cho-topmodels-italia\">\r\n                        <div class=\"img-block\">\r\n                            <div class=\"wrapper-img\"> <img decoding=\"async\" src=\"https:\/\/leokdesign.com\/wp-content\/uploads\/2024\/12\/TOPMODELS-01-1.png\" class=\"img-fluid\"> <\/div>\r\n                            <div class=\"title-block\">\r\n                                                                <h4>TOPMODELS<\/h4>\r\n                                                                \t\t\t                    <p>Branding\/ Logo<\/p>\r\n\t\t\t                                                <\/div>\r\n                        <\/div>\r\n                    <\/a>\r\n                <\/div>\r\n            <\/div>\r\n                        <div class=\"col-md-4\">\r\n                <div class=\"item mb-30\">\r\n                    <a href=\"https:\/\/leokdesign.com\/?portfolio=black-car-transfers-tours-nz\">\r\n                        <div class=\"img-block\">\r\n                            <div class=\"wrapper-img\"> <img decoding=\"async\" src=\"https:\/\/leokdesign.com\/wp-content\/uploads\/2025\/02\/BLACKCAR-TRANSFER-01.png\" class=\"img-fluid\"> <\/div>\r\n                            <div class=\"title-block\">\r\n                                                                <h4>Black Car Transfers<\/h4>\r\n                                                                \t\t\t                    <p>Branding\/ Logo<\/p>\r\n\t\t\t                                                <\/div>\r\n                        <\/div>\r\n                    <\/a>\r\n                <\/div>\r\n            <\/div>\r\n                        <div class=\"col-md-4\">\r\n                <div class=\"item mb-30\">\r\n                    <a href=\"https:\/\/leokdesign.com\/?portfolio=domifa-jazz-music-box\">\r\n                        <div class=\"img-block\">\r\n                            <div class=\"wrapper-img\"> <img decoding=\"async\" src=\"https:\/\/leokdesign.com\/wp-content\/uploads\/2025\/02\/DOMIFA-01.jpg\" class=\"img-fluid\"> <\/div>\r\n                            <div class=\"title-block\">\r\n                                                                <h4>DOMIFA<\/h4>\r\n                                                                \t\t\t                    <p>Branding\/ Logo<\/p>\r\n\t\t\t                                                <\/div>\r\n                        <\/div>\r\n                    <\/a>\r\n                <\/div>\r\n            <\/div>\r\n                        <div class=\"col-md-4\">\r\n                <div class=\"item mb-30\">\r\n                    <a href=\"https:\/\/leokdesign.com\/?portfolio=hong-hac-chi-van\">\r\n                        <div class=\"img-block\">\r\n                            <div class=\"wrapper-img\"> <img decoding=\"async\" src=\"https:\/\/leokdesign.com\/wp-content\/uploads\/2025\/02\/HONGHACCHIVAN-01.png\" class=\"img-fluid\"> <\/div>\r\n                            <div class=\"title-block\">\r\n                                                                <h4>H\u1ed3ng H\u1ea1c Chi V\u00e2n<\/h4>\r\n                                                                \t\t\t                    <p>Branding\/ Packaging Design<\/p>\r\n\t\t\t                                                <\/div>\r\n                        <\/div>\r\n                    <\/a>\r\n                <\/div>\r\n            <\/div>\r\n                        <div class=\"col-md-4\">\r\n                <div class=\"item mb-30\">\r\n                    <a href=\"https:\/\/leokdesign.com\/?portfolio=home-garden\">\r\n                        <div class=\"img-block\">\r\n                            <div class=\"wrapper-img\"> <img decoding=\"async\" src=\"https:\/\/leokdesign.com\/wp-content\/uploads\/2025\/02\/HOMEGARDEN-02-3.png\" class=\"img-fluid\"> <\/div>\r\n                            <div class=\"title-block\">\r\n                                                                <h4>HOME GARDEN<\/h4>\r\n                                                                \t\t\t                    <p>Co-Founder\/ Branding &amp; Identity<\/p>\r\n\t\t\t                                                <\/div>\r\n                        <\/div>\r\n                    <\/a>\r\n                <\/div>\r\n            <\/div>\r\n                        <div class=\"col-md-4\">\r\n                <div class=\"item mb-30\">\r\n                    <a href=\"https:\/\/leokdesign.com\/?portfolio=song-ngu-vong-nguyet\">\r\n                        <div class=\"img-block\">\r\n                            <div class=\"wrapper-img\"> <img decoding=\"async\" src=\"https:\/\/leokdesign.com\/wp-content\/uploads\/2025\/02\/SONGNGUVONGNGUYET-01.png\" class=\"img-fluid\"> <\/div>\r\n                            <div class=\"title-block\">\r\n                                                                <h4>Song Ng\u01b0 V\u1ecdng Nguy\u1ec7t<\/h4>\r\n                                                                \t\t\t                    <p>Branding\/ Packaging Design<\/p>\r\n\t\t\t                                                <\/div>\r\n                        <\/div>\r\n                    <\/a>\r\n                <\/div>\r\n            <\/div>\r\n                        <div class=\"col-md-4\">\r\n                <div class=\"item mb-30\">\r\n                    <a href=\"https:\/\/leokdesign.com\/?portfolio=chu-be-smoothie\">\r\n                        <div class=\"img-block\">\r\n                            <div class=\"wrapper-img\"> <img decoding=\"async\" src=\"https:\/\/leokdesign.com\/wp-content\/uploads\/2025\/02\/CHUBESMOOTHIE-01.png\" class=\"img-fluid\"> <\/div>\r\n                            <div class=\"title-block\">\r\n                                                                <h4>Ch\u00fa b\u00e9 Smoothie<\/h4>\r\n                                                                \t\t\t                    <p>Founder\/ Branding &amp; Identity<\/p>\r\n\t\t\t                                                <\/div>\r\n                        <\/div>\r\n                    <\/a>\r\n                <\/div>\r\n            <\/div>\r\n                        <div class=\"col-md-4\">\r\n                <div class=\"item mb-30\">\r\n                    <a href=\"https:\/\/leokdesign.com\/?portfolio=orabbit-vietnam\">\r\n                        <div class=\"img-block\">\r\n                            <div class=\"wrapper-img\"> <img decoding=\"async\" src=\"https:\/\/leokdesign.com\/wp-content\/uploads\/2025\/02\/oRabbit-01.png\" class=\"img-fluid\"> <\/div>\r\n                            <div class=\"title-block\">\r\n                                                                <h4>oRabbit<\/h4>\r\n                                                                \t\t\t                    <p>Branding\/ Packaging Design<\/p>\r\n\t\t\t                                                <\/div>\r\n                        <\/div>\r\n                    <\/a>\r\n                <\/div>\r\n            <\/div>\r\n                        <div class=\"col-md-4\">\r\n                <div class=\"item mb-30\">\r\n                    <a href=\"https:\/\/leokdesign.com\/?portfolio=fika\">\r\n                        <div class=\"img-block\">\r\n                            <div class=\"wrapper-img\"> <img decoding=\"async\" src=\"https:\/\/leokdesign.com\/wp-content\/uploads\/2025\/02\/FIKA-01.png\" class=\"img-fluid\"> <\/div>\r\n                            <div class=\"title-block\">\r\n                                                                <h4>FIKA<\/h4>\r\n                                                                \t\t\t                    <p>Branding\/ Logo &amp; Social Media<\/p>\r\n\t\t\t                                                <\/div>\r\n                        <\/div>\r\n                    <\/a>\r\n                <\/div>\r\n            <\/div>\r\n                        <div class=\"col-md-4\">\r\n                <div class=\"item mb-30\">\r\n                    <a href=\"https:\/\/leokdesign.com\/?portfolio=dau-chan-carbon\">\r\n                        <div class=\"img-block\">\r\n                            <div class=\"wrapper-img\"> <img decoding=\"async\" src=\"https:\/\/leokdesign.com\/wp-content\/uploads\/2025\/03\/DAUCHANCARBON-02-LeoK.png\" class=\"img-fluid\"> <\/div>\r\n                            <div class=\"title-block\">\r\n                                                                <h4>D\u1ea5u ch\u00e2n Carbon<\/h4>\r\n                                                                \t\t\t                    <p>Logo\/ Poster Design<\/p>\r\n\t\t\t                                                <\/div>\r\n                        <\/div>\r\n                    <\/a>\r\n                <\/div>\r\n            <\/div>\r\n                        <div class=\"col-md-4\">\r\n                <div class=\"item mb-30\">\r\n                    <a href=\"https:\/\/leokdesign.com\/?portfolio=net-zero-dear-future\">\r\n                        <div class=\"img-block\">\r\n                            <div class=\"wrapper-img\"> <img decoding=\"async\" src=\"https:\/\/leokdesign.com\/wp-content\/uploads\/2025\/03\/GraphicDesign-02-2.png\" class=\"img-fluid\"> <\/div>\r\n                            <div class=\"title-block\">\r\n                                                                <h4>Dear Future<\/h4>\r\n                                                                \t\t\t                    <p>Logo\/ Poster Design<\/p>\r\n\t\t\t                                                <\/div>\r\n                        <\/div>\r\n                    <\/a>\r\n                <\/div>\r\n            <\/div>\r\n                        <div class=\"col-md-4\">\r\n                <div class=\"item mb-30\">\r\n                    <a href=\"https:\/\/leokdesign.com\/?post_type=portfolio&amp;p=1062\">\r\n                        <div class=\"img-block\">\r\n                            <div class=\"wrapper-img\"> <img decoding=\"async\" src=\"https:\/\/leokdesign.com\/wp-content\/uploads\/2025\/03\/QUYDAOMOI-02-LeoK-1.png\" class=\"img-fluid\"> <\/div>\r\n                            <div class=\"title-block\">\r\n                                                                <h4>Qu\u1ef9 \u0111\u1ea1o m\u1edbi<\/h4>\r\n                                                                \t\t\t                    <p>Logo\/ Poster Design<\/p>\r\n\t\t\t                                                <\/div>\r\n                        <\/div>\r\n                    <\/a>\r\n                <\/div>\r\n            <\/div>\r\n                        <div class=\"col-md-4\">\r\n                <div class=\"item mb-30\">\r\n                    <a href=\"https:\/\/leokdesign.com\/?portfolio=landshow-lang-kinh-nha-dat-cung-host-thu-huong\">\r\n                        <div class=\"img-block\">\r\n                            <div class=\"wrapper-img\"> <img decoding=\"async\" src=\"https:\/\/leokdesign.com\/wp-content\/uploads\/2025\/05\/LANDSHOW-THUHUONG-05.png\" class=\"img-fluid\"> <\/div>\r\n                            <div class=\"title-block\">\r\n                                                                <h4>Landshow<\/h4>\r\n                                                                \t\t\t                    <p>Graphic Design<\/p>\r\n\t\t\t                                                <\/div>\r\n                        <\/div>\r\n                    <\/a>\r\n                <\/div>\r\n            <\/div>\r\n                        <div class=\"col-md-4\">\r\n                <div class=\"item mb-30\">\r\n                    <a href=\"https:\/\/leokdesign.com\/?portfolio=design-noi-ho-long-toi\">\r\n                        <div class=\"img-block\">\r\n                            <div class=\"wrapper-img\"> <img decoding=\"async\" src=\"https:\/\/leokdesign.com\/wp-content\/uploads\/2025\/05\/HOANGLIENSON.png\" class=\"img-fluid\"> <\/div>\r\n                            <div class=\"title-block\">\r\n                                                                <h4>Moodboard<\/h4>\r\n                                                                \t\t\t                    <p>Typo Design<\/p>\r\n\t\t\t                                                <\/div>\r\n                        <\/div>\r\n                    <\/a>\r\n                <\/div>\r\n            <\/div>\r\n                        <div class=\"col-md-4\">\r\n                <div class=\"item mb-30\">\r\n                    <a href=\"https:\/\/leokdesign.com\/?portfolio=landshow-host-minh-hang\">\r\n                        <div class=\"img-block\">\r\n                            <div class=\"wrapper-img\"> <img decoding=\"async\" src=\"https:\/\/leokdesign.com\/wp-content\/uploads\/2025\/05\/LANDSHOW-MINHHANG-03.png\" class=\"img-fluid\"> <\/div>\r\n                            <div class=\"title-block\">\r\n                                                                <h4>Landshow<\/h4>\r\n                                                                \t\t\t                    <p>Graphic Design<\/p>\r\n\t\t\t                                                <\/div>\r\n                        <\/div>\r\n                    <\/a>\r\n                <\/div>\r\n            <\/div>\r\n                    <\/div>\r\n    <\/div>\r\n<\/section>\r\n\t\t\t<\/div>\n\t\t\t\t<\/div>\n\t\t\t\t\t<\/div>\n\t\t<\/div>\n\t\t\t\t\t\t\t<\/div>\n\t\t<\/section>\n\t\t\t\t<section class=\"elementor-section elementor-top-section elementor-element elementor-element-f2ff63b elementor-section-full_width elementor-section-height-default elementor-section-height-default\" data-id=\"f2ff63b\" data-element_type=\"section\">\n\t\t\t\t\t\t<div class=\"elementor-container elementor-column-gap-no\">\n\t\t\t\t\t<div class=\"elementor-column elementor-col-100 elementor-top-column elementor-element elementor-element-bf01708\" data-id=\"bf01708\" data-element_type=\"column\">\n\t\t\t<div class=\"elementor-widget-wrap elementor-element-populated\">\n\t\t\t\t\t\t\t\t<div class=\"elementor-element elementor-element-69da3fe elementor-align-center elementor-widget elementor-widget-bdevs-clients\" data-id=\"69da3fe\" data-element_type=\"widget\" data-widget_type=\"bdevs-clients.default\">\n\t\t\t\t<div class=\"elementor-widget-container\">\n\t\t\t \r\n\t<section id=\"clients\" class=\"clients\">\r\n        <div class=\"container\">\r\n            <div class=\"row\">\r\n                <div class=\"col-md-7\">\r\n                    <div class=\"owl-carousel owl-theme\">\r\n                    \t                        <div class=\"clients-logo\">\r\n                            <a href=\"#0\"><img decoding=\"async\" src=\"https:\/\/leokdesign.com\/wp-content\/uploads\/2024\/12\/Domifa-1.png\" alt=\"\"><\/a>\r\n                        <\/div>\r\n                                                <div class=\"clients-logo\">\r\n                            <a href=\"#0\"><img decoding=\"async\" src=\"https:\/\/leokdesign.com\/wp-content\/uploads\/2024\/12\/VTV.png\" alt=\"\"><\/a>\r\n                        <\/div>\r\n                                                <div class=\"clients-logo\">\r\n                            <a href=\"#0\"><img decoding=\"async\" src=\"https:\/\/leokdesign.com\/wp-content\/uploads\/2024\/12\/oRabbit.png\" alt=\"\"><\/a>\r\n                        <\/div>\r\n                                                <div class=\"clients-logo\">\r\n                            <a href=\"#0\"><img decoding=\"async\" src=\"https:\/\/leokdesign.com\/wp-content\/uploads\/2024\/12\/TopModelIT.png\" alt=\"\"><\/a>\r\n                        <\/div>\r\n                                                <div class=\"clients-logo\">\r\n                            <a href=\"#0\"><img decoding=\"async\" src=\"https:\/\/leokdesign.com\/wp-content\/uploads\/2024\/12\/oRabbit.png\" alt=\"\"><\/a>\r\n                        <\/div>\r\n                                                <div class=\"clients-logo\">\r\n                            <a href=\"#0\"><img decoding=\"async\" src=\"https:\/\/leokdesign.com\/wp-content\/uploads\/2024\/12\/GinsengTHH.png\" alt=\"\"><\/a>\r\n                        <\/div>\r\n                                                <div class=\"clients-logo\">\r\n                            <a href=\"#0\"><img decoding=\"async\" src=\"https:\/\/leokdesign.com\/wp-content\/uploads\/2024\/12\/HomeGarden.png\" alt=\"\"><\/a>\r\n                        <\/div>\r\n                                                <div class=\"clients-logo\">\r\n                            <a href=\"#0\"><img decoding=\"async\" src=\"https:\/\/leokdesign.com\/wp-content\/uploads\/2024\/12\/Chubesmoothie-2.png\" alt=\"\"><\/a>\r\n                        <\/div>\r\n                                                <div class=\"clients-logo\">\r\n                            <a href=\"#0\"><img decoding=\"async\" src=\"https:\/\/leokdesign.com\/wp-content\/uploads\/2024\/12\/Craft-Kid-1.png\" alt=\"\"><\/a>\r\n                        <\/div>\r\n                                            <\/div>\r\n                <\/div>\r\n            <\/div>\r\n        <\/div>\r\n    <\/section>\r\n\t\t\t<\/div>\n\t\t\t\t<\/div>\n\t\t\t\t\t<\/div>\n\t\t<\/div>\n\t\t\t\t\t\t\t<\/div>\n\t\t<\/section>\n\t\t\t\t\t\t\t<\/div>\n\t\t","protected":false},"excerpt":{"rendered":"<p>TAKE A LOOK AT MY Portfolio M\u1ed7i s\u1ea3n ph\u1ea9m \u0111\u1ec1u th\u1ec3 hi\u1ec7n ni\u1ec1m \u0111am m\u00ea c\u1ee7a t\u00f4i trong vi\u1ec7c gi\u1ea3i quy\u1ebft v\u1ea5n \u0111\u1ec1 th\u00f4ng qua thi\u1ebft k\u1ebf. \u0110\u00e2y kh\u00f4ng ch\u1ec9 l\u00e0 nh\u1eefng thi\u1ebft k\u1ebf, m\u00e0 c\u00f2n l\u00e0 s\u1ef1 th\u1ec3 hi\u1ec7n ch\u00e2n th\u1eadt l\u00f2ng y\u00eau ngh\u1ec1 v\u00e0 n\u1ed7 l\u1ef1c c\u1ee7a t\u00f4i \u0111\u1ec3 t\u1ea1o ra nh\u1eefng gi\u1ea3i [&hellip;]<\/p>\n","protected":false},"author":1,"featured_media":0,"parent":0,"menu_order":0,"comment_status":"closed","ping_status":"closed","template":"page-templates\/home-page.php","meta":{"footnotes":""},"class_list":["post-53","page","type-page","status-publish","hentry"],"_links":{"self":[{"href":"https:\/\/leokdesign.com\/index.php?rest_route=\/wp\/v2\/pages\/53","targetHints":{"allow":["GET"]}}],"collection":[{"href":"https:\/\/leokdesign.com\/index.php?rest_route=\/wp\/v2\/pages"}],"about":[{"href":"https:\/\/leokdesign.com\/index.php?rest_route=\/wp\/v2\/types\/page"}],"author":[{"embeddable":true,"href":"https:\/\/leokdesign.com\/index.php?rest_route=\/wp\/v2\/users\/1"}],"replies":[{"embeddable":true,"href":"https:\/\/leokdesign.com\/index.php?rest_route=%2Fwp%2Fv2%2Fcomments&post=53"}],"version-history":[{"count":75,"href":"https:\/\/leokdesign.com\/index.php?rest_route=\/wp\/v2\/pages\/53\/revisions"}],"predecessor-version":[{"id":1463,"href":"https:\/\/leokdesign.com\/index.php?rest_route=\/wp\/v2\/pages\/53\/revisions\/1463"}],"wp:attachment":[{"href":"https:\/\/leokdesign.com\/index.php?rest_route=%2Fwp%2Fv2%2Fmedia&parent=53"}],"curies":[{"name":"wp","href":"https:\/\/api.w.org\/{rel}","templated":true}]}}